{"id":28643,"date":"2025-12-29T18:37:48","date_gmt":"2025-12-29T15:37:48","guid":{"rendered":"https:\/\/mobiant.com.tr\/?post_type=product&#038;p=28643"},"modified":"2025-12-29T18:37:48","modified_gmt":"2025-12-29T15:37:48","slug":"mustang-yatak-odasi-takimi-2","status":"publish","type":"product","link":"https:\/\/mobiant.com.tr\/index.php\/urun\/mustang-yatak-odasi-takimi-2\/","title":{"rendered":"Mustang Yatak Odas\u0131 Tak\u0131m\u0131"},"content":{"rendered":"","protected":false},"excerpt":{"rendered":"","protected":false},"featured_media":28644,"comment_status":"open","ping_status":"closed","template":"","meta":[],"product_brand":[],"product_cat":[20],"product_tag":[],"class_list":{"0":"post-28643","1":"product","2":"type-product","3":"status-publish","4":"has-post-thumbnail","6":"product_cat-yatakodasi","8":"first","9":"instock","10":"shipping-taxable","11":"product-type-simple"},"_links":{"self":[{"href":"https:\/\/mobiant.com.tr\/index.php\/wp-json\/wp\/v2\/product\/28643","targetHints":{"allow":["GET"]}}],"collection":[{"href":"https:\/\/mobiant.com.tr\/index.php\/wp-json\/wp\/v2\/product"}],"about":[{"href":"https:\/\/mobiant.com.tr\/index.php\/wp-json\/wp\/v2\/types\/product"}],"replies":[{"embeddable":true,"href":"https:\/\/mobiant.com.tr\/index.php\/wp-json\/wp\/v2\/comments?post=28643"}],"version-history":[{"count":1,"href":"https:\/\/mobiant.com.tr\/index.php\/wp-json\/wp\/v2\/product\/28643\/revisions"}],"predecessor-version":[{"id":28656,"href":"https:\/\/mobiant.com.tr\/index.php\/wp-json\/wp\/v2\/product\/28643\/revisions\/28656"}],"wp:featuredmedia":[{"embeddable":true,"href":"https:\/\/mobiant.com.tr\/index.php\/wp-json\/wp\/v2\/media\/28644"}],"wp:attachment":[{"href":"https:\/\/mobiant.com.tr\/index.php\/wp-json\/wp\/v2\/media?parent=28643"}],"wp:term":[{"taxonomy":"product_brand","embeddable":true,"href":"https:\/\/mobiant.com.tr\/index.php\/wp-json\/wp\/v2\/product_brand?post=28643"},{"taxonomy":"product_cat","embeddable":true,"href":"https:\/\/mobiant.com.tr\/index.php\/wp-json\/wp\/v2\/product_cat?post=28643"},{"taxonomy":"product_tag","embeddable":true,"href":"https:\/\/mobiant.com.tr\/index.php\/wp-json\/wp\/v2\/product_tag?post=28643"}],"curies":[{"name":"wp","href":"https:\/\/api.w.org\/{rel}","templated":true}]}}