{"id":28693,"date":"2025-12-30T11:10:06","date_gmt":"2025-12-30T08:10:06","guid":{"rendered":"https:\/\/mobiant.com.tr\/?post_type=product&#038;p=28693"},"modified":"2025-12-30T11:10:06","modified_gmt":"2025-12-30T08:10:06","slug":"nisan-yatak-odasi-takimi-2","status":"publish","type":"product","link":"https:\/\/mobiant.com.tr\/index.php\/urun\/nisan-yatak-odasi-takimi-2\/","title":{"rendered":"Nisan Yatak Odas\u0131 Tak\u0131m\u0131"},"content":{"rendered":"","protected":false},"excerpt":{"rendered":"","protected":false},"featured_media":28694,"comment_status":"open","ping_status":"closed","template":"","meta":[],"product_brand":[],"product_cat":[20],"product_tag":[],"class_list":{"0":"post-28693","1":"product","2":"type-product","3":"status-publish","4":"has-post-thumbnail","6":"product_cat-yatakodasi","8":"first","9":"instock","10":"shipping-taxable","11":"product-type-simple"},"_links":{"self":[{"href":"https:\/\/mobiant.com.tr\/index.php\/wp-json\/wp\/v2\/product\/28693","targetHints":{"allow":["GET"]}}],"collection":[{"href":"https:\/\/mobiant.com.tr\/index.php\/wp-json\/wp\/v2\/product"}],"about":[{"href":"https:\/\/mobiant.com.tr\/index.php\/wp-json\/wp\/v2\/types\/product"}],"replies":[{"embeddable":true,"href":"https:\/\/mobiant.com.tr\/index.php\/wp-json\/wp\/v2\/comments?post=28693"}],"version-history":[{"count":1,"href":"https:\/\/mobiant.com.tr\/index.php\/wp-json\/wp\/v2\/product\/28693\/revisions"}],"predecessor-version":[{"id":28707,"href":"https:\/\/mobiant.com.tr\/index.php\/wp-json\/wp\/v2\/product\/28693\/revisions\/28707"}],"wp:featuredmedia":[{"embeddable":true,"href":"https:\/\/mobiant.com.tr\/index.php\/wp-json\/wp\/v2\/media\/28694"}],"wp:attachment":[{"href":"https:\/\/mobiant.com.tr\/index.php\/wp-json\/wp\/v2\/media?parent=28693"}],"wp:term":[{"taxonomy":"product_brand","embeddable":true,"href":"https:\/\/mobiant.com.tr\/index.php\/wp-json\/wp\/v2\/product_brand?post=28693"},{"taxonomy":"product_cat","embeddable":true,"href":"https:\/\/mobiant.com.tr\/index.php\/wp-json\/wp\/v2\/product_cat?post=28693"},{"taxonomy":"product_tag","embeddable":true,"href":"https:\/\/mobiant.com.tr\/index.php\/wp-json\/wp\/v2\/product_tag?post=28693"}],"curies":[{"name":"wp","href":"https:\/\/api.w.org\/{rel}","templated":true}]}}