{"id":28754,"date":"2025-12-30T11:29:46","date_gmt":"2025-12-30T08:29:46","guid":{"rendered":"https:\/\/mobiant.com.tr\/?post_type=product&#038;p=28754"},"modified":"2025-12-30T11:29:46","modified_gmt":"2025-12-30T08:29:46","slug":"turkuaz-yemek-odasi-takimi","status":"publish","type":"product","link":"https:\/\/mobiant.com.tr\/index.php\/urun\/turkuaz-yemek-odasi-takimi\/","title":{"rendered":"Turkuaz Yemek Odas\u0131 Tak\u0131m\u0131"},"content":{"rendered":"","protected":false},"excerpt":{"rendered":"","protected":false},"featured_media":28755,"comment_status":"open","ping_status":"closed","template":"","meta":[],"product_brand":[],"product_cat":[28],"product_tag":[],"class_list":{"0":"post-28754","1":"product","2":"type-product","3":"status-publish","4":"has-post-thumbnail","6":"product_cat-yemekodasi","8":"first","9":"instock","10":"shipping-taxable","11":"product-type-simple"},"_links":{"self":[{"href":"https:\/\/mobiant.com.tr\/index.php\/wp-json\/wp\/v2\/product\/28754","targetHints":{"allow":["GET"]}}],"collection":[{"href":"https:\/\/mobiant.com.tr\/index.php\/wp-json\/wp\/v2\/product"}],"about":[{"href":"https:\/\/mobiant.com.tr\/index.php\/wp-json\/wp\/v2\/types\/product"}],"replies":[{"embeddable":true,"href":"https:\/\/mobiant.com.tr\/index.php\/wp-json\/wp\/v2\/comments?post=28754"}],"version-history":[{"count":1,"href":"https:\/\/mobiant.com.tr\/index.php\/wp-json\/wp\/v2\/product\/28754\/revisions"}],"predecessor-version":[{"id":28765,"href":"https:\/\/mobiant.com.tr\/index.php\/wp-json\/wp\/v2\/product\/28754\/revisions\/28765"}],"wp:featuredmedia":[{"embeddable":true,"href":"https:\/\/mobiant.com.tr\/index.php\/wp-json\/wp\/v2\/media\/28755"}],"wp:attachment":[{"href":"https:\/\/mobiant.com.tr\/index.php\/wp-json\/wp\/v2\/media?parent=28754"}],"wp:term":[{"taxonomy":"product_brand","embeddable":true,"href":"https:\/\/mobiant.com.tr\/index.php\/wp-json\/wp\/v2\/product_brand?post=28754"},{"taxonomy":"product_cat","embeddable":true,"href":"https:\/\/mobiant.com.tr\/index.php\/wp-json\/wp\/v2\/product_cat?post=28754"},{"taxonomy":"product_tag","embeddable":true,"href":"https:\/\/mobiant.com.tr\/index.php\/wp-json\/wp\/v2\/product_tag?post=28754"}],"curies":[{"name":"wp","href":"https:\/\/api.w.org\/{rel}","templated":true}]}}