{"id":28791,"date":"2025-12-30T12:05:04","date_gmt":"2025-12-30T09:05:04","guid":{"rendered":"https:\/\/mobiant.com.tr\/?post_type=product&#038;p=28791"},"modified":"2025-12-30T12:05:04","modified_gmt":"2025-12-30T09:05:04","slug":"yakut-yatak-odasi-takimi","status":"publish","type":"product","link":"https:\/\/mobiant.com.tr\/index.php\/urun\/yakut-yatak-odasi-takimi\/","title":{"rendered":"Yakut Yatak Odas\u0131 Tak\u0131m\u0131"},"content":{"rendered":"","protected":false},"excerpt":{"rendered":"","protected":false},"featured_media":28792,"comment_status":"open","ping_status":"closed","template":"","meta":[],"product_brand":[],"product_cat":[20],"product_tag":[],"class_list":{"0":"post-28791","1":"product","2":"type-product","3":"status-publish","4":"has-post-thumbnail","6":"product_cat-yatakodasi","8":"first","9":"instock","10":"shipping-taxable","11":"product-type-simple"},"_links":{"self":[{"href":"https:\/\/mobiant.com.tr\/index.php\/wp-json\/wp\/v2\/product\/28791","targetHints":{"allow":["GET"]}}],"collection":[{"href":"https:\/\/mobiant.com.tr\/index.php\/wp-json\/wp\/v2\/product"}],"about":[{"href":"https:\/\/mobiant.com.tr\/index.php\/wp-json\/wp\/v2\/types\/product"}],"replies":[{"embeddable":true,"href":"https:\/\/mobiant.com.tr\/index.php\/wp-json\/wp\/v2\/comments?post=28791"}],"version-history":[{"count":1,"href":"https:\/\/mobiant.com.tr\/index.php\/wp-json\/wp\/v2\/product\/28791\/revisions"}],"predecessor-version":[{"id":28804,"href":"https:\/\/mobiant.com.tr\/index.php\/wp-json\/wp\/v2\/product\/28791\/revisions\/28804"}],"wp:featuredmedia":[{"embeddable":true,"href":"https:\/\/mobiant.com.tr\/index.php\/wp-json\/wp\/v2\/media\/28792"}],"wp:attachment":[{"href":"https:\/\/mobiant.com.tr\/index.php\/wp-json\/wp\/v2\/media?parent=28791"}],"wp:term":[{"taxonomy":"product_brand","embeddable":true,"href":"https:\/\/mobiant.com.tr\/index.php\/wp-json\/wp\/v2\/product_brand?post=28791"},{"taxonomy":"product_cat","embeddable":true,"href":"https:\/\/mobiant.com.tr\/index.php\/wp-json\/wp\/v2\/product_cat?post=28791"},{"taxonomy":"product_tag","embeddable":true,"href":"https:\/\/mobiant.com.tr\/index.php\/wp-json\/wp\/v2\/product_tag?post=28791"}],"curies":[{"name":"wp","href":"https:\/\/api.w.org\/{rel}","templated":true}]}}